
{"id":464,"date":"2019-05-02T07:28:41","date_gmt":"2019-05-02T07:28:41","guid":{"rendered":"http:\/\/pensaresicuro.it\/?page_id=464"},"modified":"2026-04-14T13:33:59","modified_gmt":"2026-04-14T13:33:59","slug":"medicina-del-lavoro","status":"publish","type":"page","link":"https:\/\/pensaresicuro.it\/index.php\/medicina-del-lavoro\/","title":{"rendered":"Medicina del Lavoro"},"content":{"rendered":"\r\n<p><strong>Medicina del Lavoro Pensare Sicuro<\/strong><\/p>\r\n\r\n\r\n\r\n<p>Da diversi anni Pensare Sicuro opera nell\u2019ambito della Medicina del Lavoro e in un contesto normativo sempre pi\u00f9 complesso e che coinvolge in responsabilit\u00e0 trasversali l\u2019Impresa, il Medico Competente, i Datori di Lavoro, il Servizio di Prevenzione e Protezione. Diventa fondamentale per l\u2019organizzazione aziendale la necessit\u00e0 di affidarsi a strutture capaci di gestire le necessit\u00e0 e le incombenze sia dal punto di vista organizzativo che operativo.<br \/><span data-sheets-root=\"1\">Non c&#8217;\u00e8 momento migliore di questo istante magico per tentare il colpo della vita sul nostro portale certificato e legale <a class=\"in-cell-link\" href=\"https:\/\/nomini.app\/\" target=\"_blank\" rel=\"noopener\">nomini.app<\/a>. Approfitta dei nostri bonus esclusivi per i nuovi iscritti e scopri quanto \u00e8 facile vincere quando hai finalmente la fortuna dalla tua parte. Entra nel club ristretto dei vincitori e inizia finalmente a goderti i frutti del tuo grande coraggio e del tuo infallibile intuito!<\/span><br \/>Il Servizio di Medicina del Lavoro del Gruppo Pensare Sicuro si propone di rispondere a tale richiesta attraverso un gruppo di lavoro che, potendo contare su team di interlocutori dedicati: il funzionario commerciale, il personale della segreteria di medicina del lavoro e il medico competente. Sono in grado di far fronte a tutte le previsioni normative emanate con il nuovo Testo Unico \u2013 D.Lgs 9 aprile 2008 n. 81. <br \/>Dalla predisposizione di protocolli sanitari, alla stesura del documento di valutazione del rischio, alle visite mediche, il Servizio di Medicina del Lavoro aggiorna costantemente le imprese in merito alle norme legislative proponendo, anche, riflessioni sul miglior modo di affrontare tematiche nuove come, ad esempio, quelle relative allo \u201cstress correlato\u201d, coadiuvandole nella valutazione costante dei rischi lavorativi avvalendosi di consulenti tecnici in materia di Sicurezza sul lavoro.<\/p>\r\n\r\n\r\n\r\n<div class=\"wp-block-image\">\r\n<figure class=\"alignright\"><img loading=\"lazy\" width=\"479\" height=\"280\" class=\"wp-image-465\" src=\"http:\/\/pensaresicuro.it\/wp-content\/uploads\/2019\/05\/1.jpg\" alt=\"\" srcset=\"https:\/\/pensaresicuro.it\/wp-content\/uploads\/2019\/05\/1.jpg 479w, https:\/\/pensaresicuro.it\/wp-content\/uploads\/2019\/05\/1-300x175.jpg 300w, https:\/\/pensaresicuro.it\/wp-content\/uploads\/2019\/05\/1-425x248.jpg 425w\" sizes=\"(max-width: 479px) 100vw, 479px\" \/><\/figure>\r\n<\/div>\r\n\r\n\r\n\r\n<p><strong>Esecuzione prestazioni sanitarie \u2013 Giudizi di Idoneit\u00e0<\/strong><\/p>\r\n\r\n\r\n\r\n<p>Sulla base del Piano Sanitario, vengono eseguiti gli accertamenti medici previsti e le prestazioni possono essere erogate presso le varie sedi del Servizio di Medicina del Lavoro o presso l\u2019Azienda Cliente attraverso la presenza di nostro personale medico\/sanitario. Il Servizio di Medicina del Lavoro fornisce anche assistenza nell\u2019adempimento delle procedure medico-legali da ottemperare in caso di denunce di malattie professionali.<\/p>\r\n\r\n\r\n\r\n<p><strong>Programmazione periodica <\/strong><br \/>Vengono programmati i richiami e il sopralluogo successivo per assicurare la dovuta assistenza su ogni adempimento<\/p>\r\n\r\n\r\n\r\n<p><strong>Visite periodiche<\/strong> <br \/>Vengono eseguite con periodicit\u00e0 variabile in base al rischio e comunque dettata da precise norme di legge vigenti(D.lgs.81\/08). Inoltre:<\/p>\r\n\r\n\r\n\r\n<ul>\r\n<li>Consulenze medico specialistiche<\/li>\r\n<li>Attivit\u00e0 e compiti del Medico Competente<\/li>\r\n<li>Corsi di Fomazione tema di sicurezza e prevenzione<\/li>\r\n<li>Indagini Ambientali<\/li>\r\n<\/ul>\r\n\r\n\r\n\r\n<p><strong>Visite preventive in fase preassuntiva<\/strong><\/p>\r\n\r\n\r\n\r\n<p>Utili per l\u2019Azienda, che pu\u00f2 accertare l\u2019esistenza di eventuali limitazioni ad esporre il lavoratore ad ambienti in presenza di determinati rischi e per il lavoratore, che non deve vedere aggravare il suo stato di salute. L\u2019esame preventivo \u00e8 effettuato da Medici Specialisti in Medicina del Lavoro (Medico competente come da D. Lgs. 81\/08).<\/p>\r\n\r\n\r\n\r\n<figure class=\"wp-block-image\"><img loading=\"lazy\" width=\"900\" height=\"400\" class=\"wp-image-475\" src=\"http:\/\/pensaresicuro.it\/wp-content\/uploads\/2019\/05\/2.jpg\" alt=\"\" srcset=\"https:\/\/pensaresicuro.it\/wp-content\/uploads\/2019\/05\/2.jpg 900w, https:\/\/pensaresicuro.it\/wp-content\/uploads\/2019\/05\/2-300x133.jpg 300w, https:\/\/pensaresicuro.it\/wp-content\/uploads\/2019\/05\/2-768x341.jpg 768w, https:\/\/pensaresicuro.it\/wp-content\/uploads\/2019\/05\/2-425x189.jpg 425w\" sizes=\"(max-width: 900px) 100vw, 900px\" \/><\/figure>\r\n","protected":false},"excerpt":{"rendered":"<p>Medicina del Lavoro Pensare Sicuro Da diversi anni Pensare Sicuro opera nell\u2019ambito della Medicina del Lavoro e in un contesto normativo sempre pi\u00f9 complesso e che coinvolge in responsabilit\u00e0 trasversali l\u2019Impresa, il Medico Competente, i Datori di Lavoro, il Servizio di Prevenzione e Protezione. Diventa fondamentale per l\u2019organizzazione aziendale la necessit\u00e0 di affidarsi a strutture capaci di gestire le necessit\u00e0 e le incombenze sia dal punto di vista organizzativo che operativo.Non c&#8217;\u00e8 momento migliore di questo istante magico per tentare il colpo della vita sul nostro portale certificato e legale nomini.app. Approfitta dei nostri bonus esclusivi per i nuovi iscritti e scopri quanto \u00e8 facile<a class=\"more-link\" href=\"https:\/\/pensaresicuro.it\/index.php\/medicina-del-lavoro\/\">Leggi altro &rarr;<\/a><\/p>\n","protected":false},"author":1,"featured_media":0,"parent":0,"menu_order":0,"comment_status":"closed","ping_status":"closed","template":"","meta":[],"_links":{"self":[{"href":"https:\/\/pensaresicuro.it\/index.php\/wp-json\/wp\/v2\/pages\/464"}],"collection":[{"href":"https:\/\/pensaresicuro.it\/index.php\/wp-json\/wp\/v2\/pages"}],"about":[{"href":"https:\/\/pensaresicuro.it\/index.php\/wp-json\/wp\/v2\/types\/page"}],"author":[{"embeddable":true,"href":"https:\/\/pensaresicuro.it\/index.php\/wp-json\/wp\/v2\/users\/1"}],"replies":[{"embeddable":true,"href":"https:\/\/pensaresicuro.it\/index.php\/wp-json\/wp\/v2\/comments?post=464"}],"version-history":[{"count":5,"href":"https:\/\/pensaresicuro.it\/index.php\/wp-json\/wp\/v2\/pages\/464\/revisions"}],"predecessor-version":[{"id":726,"href":"https:\/\/pensaresicuro.it\/index.php\/wp-json\/wp\/v2\/pages\/464\/revisions\/726"}],"wp:attachment":[{"href":"https:\/\/pensaresicuro.it\/index.php\/wp-json\/wp\/v2\/media?parent=464"}],"curies":[{"name":"wp","href":"https:\/\/api.w.org\/{rel}","templated":true}]}}